{"id":331,"date":"2014-01-01T13:00:41","date_gmt":"2014-01-01T13:00:41","guid":{"rendered":"http:\/\/www.16-9.dk\/3\/?page_id=331"},"modified":"2025-06-28T22:01:51","modified_gmt":"2025-06-28T20:01:51","slug":"abonnement","status":"publish","type":"page","link":"http:\/\/www.16-9.dk\/3\/abonnement\/","title":{"rendered":"Abonnement"},"content":{"rendered":"<div id=\"tdi_1\" class=\"tdc-row\"><div class=\"vc_row tdi_2  wpb_row td-pb-row\" >\n<style scoped>\n\/* custom css - generated by TagDiv Composer *\/\n\n\/* custom css - generated by TagDiv Composer *\/\n\/* custom css - generated by TagDiv Composer *\/\n.tdi_2,\r\n                .tdi_2 .tdc-columns{\r\n                    min-height: 0;\r\n                }.tdi_2,\r\n\t\t\t\t.tdi_2 .tdc-columns{\r\n\t\t\t\t    display: block;\r\n\t\t\t\t}.tdi_2 .tdc-columns{\r\n\t\t\t\t    width: 100%;\r\n\t\t\t\t}\n<\/style><div class=\"vc_column tdi_4  wpb_column vc_column_container tdc-column td-pb-span12\">\n<style scoped>\n\/* custom css - generated by TagDiv Composer *\/\n\n\/* custom css - generated by TagDiv Composer *\/\n\/* custom css - generated by TagDiv Composer *\/\n.tdi_4{\r\n                    vertical-align: baseline;\r\n                }.tdi_4 > .wpb_wrapper,\r\n\t\t\t\t.tdi_4 > .wpb_wrapper > .tdc-elements{\r\n\t\t\t\t    display: block;\r\n\t\t\t\t}.tdi_4 > .wpb_wrapper > .tdc-elements{\r\n\t\t\t\t    width: 100%;\r\n\t\t\t\t}.tdi_4 > .wpb_wrapper > .vc_row_inner{\r\n\t\t\t\t    width: auto;\r\n\t\t\t\t}.tdi_4 > .wpb_wrapper{\r\n\t\t\t\t    width: auto;\r\n\t\t\t\t    height: auto;\r\n\t\t\t\t}\n<\/style><div class=\"wpb_wrapper\" ><div class=\"wpb_wrapper wpb_text_column td_block_wrap td_block_wrap vc_column_text tdi_5  tagdiv-type td-pb-border-top td_block_template_1\"  data-td-block-uid=\"tdi_5\" >\n<style>\n\/* custom css - generated by TagDiv Composer *\/\n\/* custom css - generated by TagDiv Composer *\/\n\n<\/style><div class=\"td-block-title-wrap\"><\/div><div class=\"td-fix-index\"><p><em>16:9<\/em>\u00a0udkommer udelukkende online, og samtlige artikler kan l\u00e6ses gratis af alle interesserede. Vi kan herudover tilbyde dig et s\u00e5kaldt\u00a0<em>gratis abonnement<\/em>, som betyder, at du automatisk f\u00e5r besked pr. mail, n\u00e5r de nye numre udkommer. Du kan til enhver tid opsige dit abonnement igen ved at kontakte os.<\/p>\n<p>I forbindelse med din tilmelding, vil vi meget gerne stille dig et par sp\u00f8rgsm\u00e5l, s\u00e5 vi kan danne os et indtryk af vores l\u00e6serskare. Udfyld derfor venligst nedenst\u00e5ende formular. P\u00e5 forh\u00e5nd tak.<\/p>\n<\/div><\/div><\/div><\/div><\/div><\/div><div id=\"tdi_6\" class=\"tdc-row\"><div class=\"vc_row tdi_7  wpb_row td-pb-row\" >\n<style scoped>\n\/* custom css - generated by TagDiv Composer *\/\n\n\/* custom css - generated by TagDiv Composer *\/\n\/* custom css - generated by TagDiv Composer *\/\n.tdi_7,\r\n                .tdi_7 .tdc-columns{\r\n                    min-height: 0;\r\n                }.tdi_7,\r\n\t\t\t\t.tdi_7 .tdc-columns{\r\n\t\t\t\t    display: block;\r\n\t\t\t\t}.tdi_7 .tdc-columns{\r\n\t\t\t\t    width: 100%;\r\n\t\t\t\t}\n<\/style><div class=\"vc_column tdi_9  wpb_column vc_column_container tdc-column td-pb-span12\">\n<style scoped>\n\/* custom css - generated by TagDiv Composer *\/\n\n\/* custom css - generated by TagDiv Composer *\/\n\/* custom css - generated by TagDiv Composer *\/\n.tdi_9{\r\n                    vertical-align: baseline;\r\n                }.tdi_9 > .wpb_wrapper,\r\n\t\t\t\t.tdi_9 > .wpb_wrapper > .tdc-elements{\r\n\t\t\t\t    display: block;\r\n\t\t\t\t}.tdi_9 > .wpb_wrapper > .tdc-elements{\r\n\t\t\t\t    width: 100%;\r\n\t\t\t\t}.tdi_9 > .wpb_wrapper > .vc_row_inner{\r\n\t\t\t\t    width: auto;\r\n\t\t\t\t}.tdi_9 > .wpb_wrapper{\r\n\t\t\t\t    width: auto;\r\n\t\t\t\t    height: auto;\r\n\t\t\t\t}\n<\/style><div class=\"wpb_wrapper\" ><div class=\"wpb_wrapper td_block_wrap vc_raw_html tdi_11 \"><div class=\"td-fix-index\"><iframe src =\"http:\/\/16-9.us8.list-manage1.com\/subscribe?u=c2dd9e698526fa66d454b3fb0&id=db1530fdef\" width=\"400\" height=\"1000\" frameborder=\"0\">\n<p>Your browser sucks. It won't work with iframes.<\/p>\n<\/iframe><\/div><\/div><\/div><\/div><\/div><\/div>","protected":false},"excerpt":{"rendered":"","protected":false},"author":17,"featured_media":0,"parent":0,"menu_order":0,"comment_status":"closed","ping_status":"closed","template":"","meta":{"footnotes":""},"_links":{"self":[{"href":"http:\/\/www.16-9.dk\/3\/wp-json\/wp\/v2\/pages\/331"}],"collection":[{"href":"http:\/\/www.16-9.dk\/3\/wp-json\/wp\/v2\/pages"}],"about":[{"href":"http:\/\/www.16-9.dk\/3\/wp-json\/wp\/v2\/types\/page"}],"author":[{"embeddable":true,"href":"http:\/\/www.16-9.dk\/3\/wp-json\/wp\/v2\/users\/17"}],"replies":[{"embeddable":true,"href":"http:\/\/www.16-9.dk\/3\/wp-json\/wp\/v2\/comments?post=331"}],"version-history":[{"count":2,"href":"http:\/\/www.16-9.dk\/3\/wp-json\/wp\/v2\/pages\/331\/revisions"}],"predecessor-version":[{"id":13341,"href":"http:\/\/www.16-9.dk\/3\/wp-json\/wp\/v2\/pages\/331\/revisions\/13341"}],"wp:attachment":[{"href":"http:\/\/www.16-9.dk\/3\/wp-json\/wp\/v2\/media?parent=331"}],"curies":[{"name":"wp","href":"https:\/\/api.w.org\/{rel}","templated":true}]}}