{"id":313,"date":"2014-01-01T13:00:21","date_gmt":"2014-01-01T13:00:21","guid":{"rendered":"http:\/\/www.16-9.dk\/3\/?page_id=313"},"modified":"2025-03-06T21:44:51","modified_gmt":"2025-03-06T20:44:51","slug":"redaktion","status":"publish","type":"page","link":"http:\/\/www.16-9.dk\/3\/redaktion\/","title":{"rendered":"Redaktion"},"content":{"rendered":"\n<p>Redaktionen p\u00e5&nbsp;<em>16:9<\/em>&nbsp;best\u00e5r aktuelt af ti faste medlemmer. Herudover har vi en r\u00e6kke eksterne&nbsp;<a href=\"http:\/\/www.16-9.dk\/3\/skribenter\/\">skribenter<\/a>&nbsp;tilknyttet. Klik p\u00e5 det enkelte redaktionsmedlem for at l\u00e6se mere.<\/p>\n\n\n\n<div style=\"height:30px\" aria-hidden=\"true\" class=\"wp-block-spacer\"><\/div>\n\n\n\n<div class=\"wp-block-columns has-2-columns is-layout-flex wp-container-core-columns-is-layout-1 wp-block-columns-is-layout-flex\">\n<div class=\"wp-block-column is-layout-flow wp-block-column-is-layout-flow\" style=\"flex-basis:33%\">\n<figure class=\"wp-block-image size-full is-style-circle-mask\"><a href=\"http:\/\/www.16-9.dk\/skribent\/mathias-bonde-korsgaard\/\"><img loading=\"lazy\" decoding=\"async\" width=\"300\" height=\"300\" src=\"http:\/\/www.16-9.dk\/3\/wp-content\/uploads\/2020\/06\/Redaktionsbilleder_2020_Mathias.jpg\" alt=\"\" class=\"wp-image-8896\" style=\"object-fit:cover\" srcset=\"http:\/\/www.16-9.dk\/3\/wp-content\/uploads\/2020\/06\/Redaktionsbilleder_2020_Mathias.jpg 300w, http:\/\/www.16-9.dk\/3\/wp-content\/uploads\/2020\/06\/Redaktionsbilleder_2020_Mathias-150x150.jpg 150w\" sizes=\"(max-width: 300px) 100vw, 300px\" \/><\/a><\/figure>\n<\/div>\n\n\n\n<div class=\"wp-block-column is-layout-flow wp-block-column-is-layout-flow\" style=\"flex-basis:67%\">\n<h3 class=\"wp-block-heading\"><a href=\"http:\/\/www.16-9.dk\/skribent\/mathias-bonde-korsgaard\/\">Mathias Bonde Korsgaard<\/a><\/h3>\n\n\n\n<p>Ansvarshavende chefredakt\u00f8r og skribent<\/p>\n\n\n\n<div style=\"height:24px\" aria-hidden=\"true\" class=\"wp-block-spacer\"><\/div>\n\n\n\n<p>Kontakt: <a href=\"mailto:mathias@16-9.dk\">mathias@16-9.dk<\/a><\/p>\n\n\n\n<p><a href=\"http:\/\/www.16-9.dk\/skribent\/mathias-bonde-korsgaard\/\">L\u00e6s mere om Mathias<\/a><\/p>\n<\/div>\n<\/div>\n\n\n\n<hr class=\"wp-block-separator has-text-color has-alpha-channel-opacity has-background is-style-wide\" style=\"background-color:#d4d9de;color:#d4d9de\"\/>\n\n\n\n<div style=\"height:30px\" aria-hidden=\"true\" class=\"wp-block-spacer\"><\/div>\n\n\n\n<div class=\"wp-block-columns has-2-columns is-layout-flex wp-container-core-columns-is-layout-2 wp-block-columns-is-layout-flex\">\n<div class=\"wp-block-column is-layout-flow wp-block-column-is-layout-flow\" style=\"flex-basis:33%\">\n<figure class=\"wp-block-image size-full is-style-circle-mask\"><img loading=\"lazy\" decoding=\"async\" width=\"300\" height=\"300\" src=\"http:\/\/www.16-9.dk\/3\/wp-content\/uploads\/Redaktionsbilleder_2020_Soeren.jpg\" alt=\"\" class=\"wp-image-12611\" style=\"object-fit:cover\" srcset=\"http:\/\/www.16-9.dk\/3\/wp-content\/uploads\/Redaktionsbilleder_2020_Soeren.jpg 300w, http:\/\/www.16-9.dk\/3\/wp-content\/uploads\/Redaktionsbilleder_2020_Soeren-150x150.jpg 150w\" sizes=\"(max-width: 300px) 100vw, 300px\" \/><\/figure>\n<\/div>\n\n\n\n<div class=\"wp-block-column is-layout-flow wp-block-column-is-layout-flow\" style=\"flex-basis:67%\">\n<h3 class=\"wp-block-heading\"><a href=\"http:\/\/www.16-9.dk\/skribent\/soeren-roerdam-bastholm\/\">S\u00f8ren R\u00f8rdam Bastholm<\/a><\/h3>\n\n\n\n<p>Redaktionschef og skribent<\/p>\n\n\n\n<div style=\"height:24px\" aria-hidden=\"true\" class=\"wp-block-spacer\"><\/div>\n\n\n\n<p>Kontakt: <a href=\"mailto:soeren@16-9.dk\">soeren@16-9.dk<\/a><\/p>\n\n\n\n<p><a href=\"http:\/\/www.16-9.dk\/skribent\/soeren-roerdam-bastholm\/\">L\u00e6s mere om S\u00f8ren<\/a><\/p>\n<\/div>\n<\/div>\n\n\n\n<hr class=\"wp-block-separator has-text-color has-alpha-channel-opacity has-background is-style-wide\" style=\"background-color:#d4d9de;color:#d4d9de\"\/>\n\n\n\n<div style=\"height:30px\" aria-hidden=\"true\" class=\"wp-block-spacer\"><\/div>\n\n\n\n<div class=\"wp-block-columns has-2-columns is-layout-flex wp-container-core-columns-is-layout-3 wp-block-columns-is-layout-flex\">\n<div class=\"wp-block-column is-layout-flow wp-block-column-is-layout-flow\" style=\"flex-basis:33%\">\n<figure class=\"wp-block-image size-full is-style-circle-mask\"><img loading=\"lazy\" decoding=\"async\" width=\"300\" height=\"300\" src=\"http:\/\/www.16-9.dk\/3\/wp-content\/uploads\/Redaktionsbilleder_2020_Dorte.jpg\" alt=\"\" class=\"wp-image-12612\" srcset=\"http:\/\/www.16-9.dk\/3\/wp-content\/uploads\/Redaktionsbilleder_2020_Dorte.jpg 300w, http:\/\/www.16-9.dk\/3\/wp-content\/uploads\/Redaktionsbilleder_2020_Dorte-150x150.jpg 150w\" sizes=\"(max-width: 300px) 100vw, 300px\" \/><\/figure>\n<\/div>\n\n\n\n<div class=\"wp-block-column is-layout-flow wp-block-column-is-layout-flow\" style=\"flex-basis:67%\">\n<h3 class=\"wp-block-heading\"><a href=\"http:\/\/www.16-9.dk\/skribent\/dorte-schmidt-granild\/\">Dorte Schmidt Granild<\/a><\/h3>\n\n\n\n<p>Redakt\u00f8r og skribent<\/p>\n\n\n\n<div style=\"height:24px\" aria-hidden=\"true\" class=\"wp-block-spacer\"><\/div>\n\n\n\n<p>Kontakt: <a href=\"mailto:dorte@16-9.dk\">dorte@16-9.dk<\/a><\/p>\n\n\n\n<p><a href=\"http:\/\/www.16-9.dk\/skribent\/dorte-schmidt-granild\/\">L\u00e6s mere om Dorte<\/a><\/p>\n<\/div>\n<\/div>\n\n\n\n<hr class=\"wp-block-separator has-text-color has-alpha-channel-opacity has-background is-style-wide\" style=\"background-color:#d4d9de;color:#d4d9de\"\/>\n\n\n\n<div style=\"height:30px\" aria-hidden=\"true\" class=\"wp-block-spacer\"><\/div>\n\n\n\n<div class=\"wp-block-columns has-2-columns is-layout-flex wp-container-core-columns-is-layout-4 wp-block-columns-is-layout-flex\">\n<div class=\"wp-block-column is-layout-flow wp-block-column-is-layout-flow\" style=\"flex-basis:33%\">\n<figure class=\"wp-block-image size-full is-style-circle-mask\"><img loading=\"lazy\" decoding=\"async\" width=\"300\" height=\"300\" src=\"http:\/\/www.16-9.dk\/3\/wp-content\/uploads\/Redaktionsbilleder_2020_Andreas.jpg\" alt=\"\" class=\"wp-image-12613\" srcset=\"http:\/\/www.16-9.dk\/3\/wp-content\/uploads\/Redaktionsbilleder_2020_Andreas.jpg 300w, http:\/\/www.16-9.dk\/3\/wp-content\/uploads\/Redaktionsbilleder_2020_Andreas-150x150.jpg 150w\" sizes=\"(max-width: 300px) 100vw, 300px\" \/><\/figure>\n<\/div>\n\n\n\n<div class=\"wp-block-column is-layout-flow wp-block-column-is-layout-flow\" style=\"flex-basis:67%\">\n<h3 class=\"wp-block-heading\"><a href=\"http:\/\/www.16-9.dk\/skribent\/andreas-halskov\/\">Andreas Halskov<\/a><\/h3>\n\n\n\n<p>Redakt\u00f8r og skribent<\/p>\n\n\n\n<div style=\"height:24px\" aria-hidden=\"true\" class=\"wp-block-spacer\"><\/div>\n\n\n\n<p>Kontakt: <a href=\"mailto:andreas@16-9.dk\">andreas@16-9.dk<\/a><\/p>\n\n\n\n<p><a href=\"http:\/\/www.16-9.dk\/skribent\/andreas-halskov\/\">L\u00e6s mere om Andreas<\/a><\/p>\n<\/div>\n<\/div>\n\n\n\n<hr class=\"wp-block-separator has-text-color has-alpha-channel-opacity has-background is-style-wide\" style=\"background-color:#d4d9de;color:#d4d9de\"\/>\n\n\n\n<div style=\"height:30px\" aria-hidden=\"true\" class=\"wp-block-spacer\"><\/div>\n\n\n\n<div class=\"wp-block-columns has-2-columns is-layout-flex wp-container-core-columns-is-layout-5 wp-block-columns-is-layout-flex\">\n<div class=\"wp-block-column is-layout-flow wp-block-column-is-layout-flow\" style=\"flex-basis:33%\">\n<figure class=\"wp-block-image size-large is-style-circle-mask\"><a href=\"http:\/\/www.16-9.dk\/skribent\/jakob-langkjaer\/\"><img loading=\"lazy\" decoding=\"async\" width=\"300\" height=\"300\" src=\"http:\/\/www.16-9.dk\/3\/wp-content\/uploads\/2020\/06\/Redaktionsbilleder_2020_JakobL.jpg\" alt=\"\" class=\"wp-image-8893\" srcset=\"http:\/\/www.16-9.dk\/3\/wp-content\/uploads\/2020\/06\/Redaktionsbilleder_2020_JakobL.jpg 300w, http:\/\/www.16-9.dk\/3\/wp-content\/uploads\/2020\/06\/Redaktionsbilleder_2020_JakobL-150x150.jpg 150w\" sizes=\"(max-width: 300px) 100vw, 300px\" \/><\/a><\/figure>\n<\/div>\n\n\n\n<div class=\"wp-block-column is-layout-flow wp-block-column-is-layout-flow\" style=\"flex-basis:67%\">\n<h3 class=\"wp-block-heading\"><a href=\"http:\/\/www.16-9.dk\/skribent\/jakob-langkjaer\/\">Jakob Langkj\u00e6r<\/a><\/h3>\n\n\n\n<p>Redakt\u00f8r og skribent<\/p>\n\n\n\n<div style=\"height:24px\" aria-hidden=\"true\" class=\"wp-block-spacer\"><\/div>\n\n\n\n<p>Kontakt: <a href=\"mailto:jakobl@16-9.dk\">jakobl@16-9.dk<\/a><\/p>\n\n\n\n<p><a href=\"http:\/\/www.16-9.dk\/skribent\/jakob-langkjaer\/\">L\u00e6s mere om Jakob<\/a><\/p>\n<\/div>\n<\/div>\n\n\n\n<hr class=\"wp-block-separator has-text-color has-alpha-channel-opacity has-background is-style-wide\" style=\"background-color:#d4d9de;color:#d4d9de\"\/>\n\n\n\n<div style=\"height:30px\" aria-hidden=\"true\" class=\"wp-block-spacer\"><\/div>\n\n\n\n<div class=\"wp-block-columns has-2-columns is-layout-flex wp-container-core-columns-is-layout-6 wp-block-columns-is-layout-flex\">\n<div class=\"wp-block-column is-layout-flow wp-block-column-is-layout-flow\" style=\"flex-basis:33%\">\n<figure class=\"wp-block-image size-large is-style-circle-mask\"><a href=\"http:\/\/www.16-9.dk\/skribent\/thomas-schwartz-larsen\/\"><img loading=\"lazy\" decoding=\"async\" width=\"300\" height=\"300\" src=\"http:\/\/www.16-9.dk\/3\/wp-content\/uploads\/2020\/06\/Redaktionsbilleder_2020_ThomasL.jpg\" alt=\"\" class=\"wp-image-8899\" srcset=\"http:\/\/www.16-9.dk\/3\/wp-content\/uploads\/2020\/06\/Redaktionsbilleder_2020_ThomasL.jpg 300w, http:\/\/www.16-9.dk\/3\/wp-content\/uploads\/2020\/06\/Redaktionsbilleder_2020_ThomasL-150x150.jpg 150w\" sizes=\"(max-width: 300px) 100vw, 300px\" \/><\/a><\/figure>\n<\/div>\n\n\n\n<div class=\"wp-block-column is-layout-flow wp-block-column-is-layout-flow\" style=\"flex-basis:67%\">\n<h3 class=\"wp-block-heading\"><a href=\"http:\/\/www.16-9.dk\/skribent\/thomas-schwartz-larsen\/\">Thomas Schwartz Larsen<\/a><\/h3>\n\n\n\n<p>Redakt\u00f8r, Art Director, skribent<\/p>\n\n\n\n<div style=\"height:24px\" aria-hidden=\"true\" class=\"wp-block-spacer\"><\/div>\n\n\n\n<p>Kontakt: <a href=\"mailto:larsen@16-9.dk\">larsen@16-9.dk<\/a><\/p>\n\n\n\n<p><a href=\"http:\/\/www.16-9.dk\/skribent\/thomas-schwartz-larsen\/\">L\u00e6s mere om Thomas<\/a><\/p>\n<\/div>\n<\/div>\n\n\n\n<hr class=\"wp-block-separator has-text-color has-alpha-channel-opacity has-background is-style-wide\" style=\"background-color:#d4d9de;color:#d4d9de\"\/>\n\n\n\n<div style=\"height:30px\" aria-hidden=\"true\" class=\"wp-block-spacer\"><\/div>\n\n\n\n<div class=\"wp-block-columns has-2-columns is-layout-flex wp-container-core-columns-is-layout-7 wp-block-columns-is-layout-flex\">\n<div class=\"wp-block-column is-layout-flow wp-block-column-is-layout-flow\" style=\"flex-basis:33%\">\n<figure class=\"wp-block-image is-style-circle-mask\"><a href=\"http:\/\/www.16-9.dk\/skribent\/steffen-moestrup\/\"><img loading=\"lazy\" decoding=\"async\" width=\"300\" height=\"300\" src=\"http:\/\/www.16-9.dk\/3\/wp-content\/uploads\/2019\/03\/redaktion_steffen.jpg\" alt=\"\" class=\"wp-image-6551\" srcset=\"http:\/\/www.16-9.dk\/3\/wp-content\/uploads\/2019\/03\/redaktion_steffen.jpg 300w, http:\/\/www.16-9.dk\/3\/wp-content\/uploads\/2019\/03\/redaktion_steffen-150x150.jpg 150w\" sizes=\"(max-width: 300px) 100vw, 300px\" \/><\/a><\/figure>\n<\/div>\n\n\n\n<div class=\"wp-block-column is-layout-flow wp-block-column-is-layout-flow\" style=\"flex-basis:67%\">\n<h3 class=\"wp-block-heading\"><a href=\"http:\/\/www.16-9.dk\/skribent\/steffen-moestrup\/\">Steffen Damkj\u00e6r Moestrup<\/a><\/h3>\n\n\n\n<p>Redakt\u00f8r, presseansvarlig, skribent<\/p>\n\n\n\n<div style=\"height:24px\" aria-hidden=\"true\" class=\"wp-block-spacer\"><\/div>\n\n\n\n<p>Kontakt: <a href=\"mailto:steffen@16-9.dk\">steffen@16-9.dk<\/a><\/p>\n\n\n\n<p><a href=\"http:\/\/www.16-9.dk\/skribent\/steffen-moestrup\/\">L\u00e6s mere om Steffen<\/a><\/p>\n<\/div>\n<\/div>\n\n\n\n<hr class=\"wp-block-separator has-text-color has-alpha-channel-opacity has-background is-style-wide\" style=\"background-color:#d4d9de;color:#d4d9de\"\/>\n\n\n\n<div style=\"height:30px\" aria-hidden=\"true\" class=\"wp-block-spacer\"><\/div>\n\n\n\n<div class=\"wp-block-columns has-2-columns is-layout-flex wp-container-core-columns-is-layout-8 wp-block-columns-is-layout-flex\">\n<div class=\"wp-block-column is-layout-flow wp-block-column-is-layout-flow\" style=\"flex-basis:33%\">\n<figure class=\"wp-block-image size-full is-style-circle-mask\"><img loading=\"lazy\" decoding=\"async\" width=\"300\" height=\"300\" src=\"http:\/\/www.16-9.dk\/3\/wp-content\/uploads\/Redaktionsbilleder_2020_JakobIsak.jpg\" alt=\"\" class=\"wp-image-12614\" srcset=\"http:\/\/www.16-9.dk\/3\/wp-content\/uploads\/Redaktionsbilleder_2020_JakobIsak.jpg 300w, http:\/\/www.16-9.dk\/3\/wp-content\/uploads\/Redaktionsbilleder_2020_JakobIsak-150x150.jpg 150w\" sizes=\"(max-width: 300px) 100vw, 300px\" \/><\/figure>\n<\/div>\n\n\n\n<div class=\"wp-block-column is-layout-flow wp-block-column-is-layout-flow\" style=\"flex-basis:67%\">\n<h3 class=\"wp-block-heading\"><a href=\"http:\/\/www.16-9.dk\/skribent\/jakob-isak-nielsen\/\">Jakob Isak Nielsen<\/a><\/h3>\n\n\n\n<p>Redakt\u00f8r og skribent<\/p>\n\n\n\n<div style=\"height:24px\" aria-hidden=\"true\" class=\"wp-block-spacer\"><\/div>\n\n\n\n<p>Kontakt: <a href=\"mailto:jakob@16-9.dk\">jakob@16-9.dk<\/a><\/p>\n\n\n\n<p><a href=\"http:\/\/www.16-9.dk\/skribent\/jakob-isak-nielsen\/\">L\u00e6s mere om Jakob<\/a><br \/><\/p>\n<\/div>\n<\/div>\n\n\n\n<hr class=\"wp-block-separator has-text-color has-alpha-channel-opacity has-background is-style-wide\" style=\"background-color:#d4d9de;color:#d4d9de\"\/>\n\n\n\n<div style=\"height:30px\" aria-hidden=\"true\" class=\"wp-block-spacer\"><\/div>\n\n\n\n<div class=\"wp-block-columns has-2-columns is-layout-flex wp-container-core-columns-is-layout-9 wp-block-columns-is-layout-flex\">\n<div class=\"wp-block-column is-layout-flow wp-block-column-is-layout-flow\" style=\"flex-basis:33%\">\n<figure class=\"wp-block-image size-full is-style-circle-mask\"><img loading=\"lazy\" decoding=\"async\" width=\"300\" height=\"300\" src=\"http:\/\/www.16-9.dk\/3\/wp-content\/uploads\/Redaktionsbilleder_2020_Alexander-1.jpg\" alt=\"\" class=\"wp-image-12616\" srcset=\"http:\/\/www.16-9.dk\/3\/wp-content\/uploads\/Redaktionsbilleder_2020_Alexander-1.jpg 300w, http:\/\/www.16-9.dk\/3\/wp-content\/uploads\/Redaktionsbilleder_2020_Alexander-1-150x150.jpg 150w\" sizes=\"(max-width: 300px) 100vw, 300px\" \/><\/figure>\n<\/div>\n\n\n\n<div class=\"wp-block-column is-layout-flow wp-block-column-is-layout-flow\" style=\"flex-basis:67%\">\n<h3 class=\"wp-block-heading\"><a href=\"http:\/\/www.16-9.dk\/skribent\/alexander-kjems-christensen\/\">Alexander Kjems Christensen<\/a><\/h3>\n\n\n\n<p>Redakt\u00f8r og skribent<\/p>\n\n\n\n<div style=\"height:24px\" aria-hidden=\"true\" class=\"wp-block-spacer\"><\/div>\n\n\n\n<p>Kontakt: <a href=\"mailto:alexander@16-9.dk\">alexander@16-9.dk<\/a><\/p>\n\n\n\n<p><a href=\"http:\/\/www.16-9.dk\/skribent\/alexander-kjems-christensen\/\">L\u00e6s mere om Alexander<\/a><\/p>\n<\/div>\n<\/div>\n\n\n\n<hr class=\"wp-block-separator has-text-color has-alpha-channel-opacity has-background is-style-wide\" style=\"background-color:#d4d9de;color:#d4d9de\"\/>\n\n\n\n<div style=\"height:30px\" aria-hidden=\"true\" class=\"wp-block-spacer\"><\/div>\n\n\n\n<div class=\"wp-block-columns has-2-columns is-layout-flex wp-container-core-columns-is-layout-10 wp-block-columns-is-layout-flex\">\n<div class=\"wp-block-column is-layout-flow wp-block-column-is-layout-flow\" style=\"flex-basis:33%\">\n<figure class=\"wp-block-image size-full is-style-circle-mask\"><img loading=\"lazy\" decoding=\"async\" width=\"300\" height=\"300\" src=\"http:\/\/www.16-9.dk\/3\/wp-content\/uploads\/Redaktionsbilleder_2020_Jesper-1.jpg\" alt=\"\" class=\"wp-image-12617\" srcset=\"http:\/\/www.16-9.dk\/3\/wp-content\/uploads\/Redaktionsbilleder_2020_Jesper-1.jpg 300w, http:\/\/www.16-9.dk\/3\/wp-content\/uploads\/Redaktionsbilleder_2020_Jesper-1-150x150.jpg 150w\" sizes=\"(max-width: 300px) 100vw, 300px\" \/><\/figure>\n<\/div>\n\n\n\n<div class=\"wp-block-column is-layout-flow wp-block-column-is-layout-flow\" style=\"flex-basis:67%\">\n<h3 class=\"wp-block-heading\"><a href=\"http:\/\/www.16-9.dk\/skribent\/jesper-clausen\/\">Jesper Mejling Clausen<\/a><\/h3>\n\n\n\n<p>Redakt\u00f8r og skribent<\/p>\n\n\n\n<div style=\"height:24px\" aria-hidden=\"true\" class=\"wp-block-spacer\"><\/div>\n\n\n\n<p>Kontakt: <a href=\"mailto:jesper@16-9.dk\">jesper@16-9.dk<\/a><\/p>\n\n\n\n<p><a href=\"http:\/\/www.16-9.dk\/skribent\/jesper-clausen\/\">L\u00e6s mere om Jesper<\/a><\/p>\n<\/div>\n<\/div>\n\n\n\n<hr class=\"wp-block-separator has-text-color has-alpha-channel-opacity has-background is-style-wide\" style=\"background-color:#d4d9de;color:#d4d9de\"\/>\n\n\n\n<div style=\"height:30px\" aria-hidden=\"true\" class=\"wp-block-spacer\"><\/div>\n\n\n\n<div class=\"wp-block-columns has-2-columns is-layout-flex wp-container-core-columns-is-layout-11 wp-block-columns-is-layout-flex\">\n<div class=\"wp-block-column is-layout-flow wp-block-column-is-layout-flow\" style=\"flex-basis:33%\">\n<figure class=\"wp-block-image size-full is-style-circle-mask\"><img loading=\"lazy\" decoding=\"async\" width=\"300\" height=\"300\" src=\"https:\/\/www.16-9.dk\/3\/wp-content\/uploads\/Redaktionsbilleder_2025_Claus.jpg\" alt=\"\" class=\"wp-image-13143\" srcset=\"http:\/\/www.16-9.dk\/3\/wp-content\/uploads\/Redaktionsbilleder_2025_Claus.jpg 300w, http:\/\/www.16-9.dk\/3\/wp-content\/uploads\/Redaktionsbilleder_2025_Claus-150x150.jpg 150w\" sizes=\"(max-width: 300px) 100vw, 300px\" \/><\/figure>\n<\/div>\n\n\n\n<div class=\"wp-block-column is-layout-flow wp-block-column-is-layout-flow\" style=\"flex-basis:67%\">\n<h3 class=\"wp-block-heading\"><a href=\"http:\/\/www.16-9.dk\/skribent\/jesper-clausen\/\">Claus Toft-Nielsen<\/a><\/h3>\n\n\n\n<p>Redakt\u00f8r og skribent<\/p>\n\n\n\n<div style=\"height:24px\" aria-hidden=\"true\" class=\"wp-block-spacer\"><\/div>\n\n\n\n<p>Kontakt: <a href=\"mailto:claus@16-9.dk\">claus@16-9.dk<\/a><\/p>\n\n\n\n<p><a href=\"https:\/\/www.16-9.dk\/skribent\/claus-toft-nielsen\/\">L\u00e6s mere om Claus<\/a><\/p>\n<\/div>\n<\/div>\n\n\n\n<hr class=\"wp-block-separator has-text-color has-alpha-channel-opacity has-background is-style-wide\" style=\"background-color:#d4d9de;color:#d4d9de\"\/>\n\n\n\n<div style=\"height:30px\" aria-hidden=\"true\" class=\"wp-block-spacer\"><\/div>\n\n\n\n<div class=\"wp-block-columns has-2-columns is-layout-flex wp-container-core-columns-is-layout-12 wp-block-columns-is-layout-flex\">\n<div class=\"wp-block-column is-layout-flow wp-block-column-is-layout-flow\" style=\"flex-basis:33%\">\n<figure class=\"wp-block-image size-large is-style-circle-mask\"><a href=\"http:\/\/www.16-9.dk\/skribent\/jan-oxholm\/\"><img loading=\"lazy\" decoding=\"async\" width=\"300\" height=\"300\" src=\"http:\/\/www.16-9.dk\/3\/wp-content\/uploads\/2020\/06\/Redaktionsbilleder_2020_Jan.jpg\" alt=\"\" class=\"wp-image-8900\" srcset=\"http:\/\/www.16-9.dk\/3\/wp-content\/uploads\/2020\/06\/Redaktionsbilleder_2020_Jan.jpg 300w, http:\/\/www.16-9.dk\/3\/wp-content\/uploads\/2020\/06\/Redaktionsbilleder_2020_Jan-150x150.jpg 150w\" sizes=\"(max-width: 300px) 100vw, 300px\" \/><\/a><\/figure>\n<\/div>\n\n\n\n<div class=\"wp-block-column is-layout-flow wp-block-column-is-layout-flow\" style=\"flex-basis:67%\">\n<h3 class=\"wp-block-heading\"><a href=\"http:\/\/www.16-9.dk\/skribent\/jan-oxholm\/\">Jan Oxholm<\/a><\/h3>\n\n\n\n<p>Redakt\u00f8r Emeritus<\/p>\n\n\n\n<div style=\"height:24px\" aria-hidden=\"true\" class=\"wp-block-spacer\"><\/div>\n\n\n\n<p>Kontakt: <a href=\"mailto:jan@16-9.dk\">jan@16-9.dk<\/a><\/p>\n\n\n\n<p><a href=\"http:\/\/www.16-9.dk\/skribent\/jan-oxholm\/\">L\u00e6s mere om Jan<\/a><\/p>\n<\/div>\n<\/div>\n\n\n\n<hr class=\"wp-block-separator has-text-color has-alpha-channel-opacity has-background is-style-wide\" style=\"background-color:#d4d9de;color:#d4d9de\"\/>\n\n\n\n<div style=\"height:30px\" aria-hidden=\"true\" class=\"wp-block-spacer\"><\/div>\n\n\n\n<div class=\"wp-block-columns has-2-columns is-layout-flex wp-container-core-columns-is-layout-13 wp-block-columns-is-layout-flex\">\n<div class=\"wp-block-column is-layout-flow wp-block-column-is-layout-flow\" style=\"flex-basis:33%\">\n<figure class=\"wp-block-image size-large is-style-circle-mask\"><a href=\"http:\/\/www.16-9.dk\/skribent\/henrik-hoejer\/\"><img loading=\"lazy\" decoding=\"async\" width=\"300\" height=\"300\" src=\"http:\/\/www.16-9.dk\/3\/wp-content\/uploads\/2020\/06\/Redaktionsbilleder_2020_Henrik.jpg\" alt=\"\" class=\"wp-image-8891\" srcset=\"http:\/\/www.16-9.dk\/3\/wp-content\/uploads\/2020\/06\/Redaktionsbilleder_2020_Henrik.jpg 300w, http:\/\/www.16-9.dk\/3\/wp-content\/uploads\/2020\/06\/Redaktionsbilleder_2020_Henrik-150x150.jpg 150w\" sizes=\"(max-width: 300px) 100vw, 300px\" \/><\/a><\/figure>\n<\/div>\n\n\n\n<div class=\"wp-block-column is-layout-flow wp-block-column-is-layout-flow\" style=\"flex-basis:67%\">\n<h3 class=\"wp-block-heading\"><a href=\"http:\/\/www.16-9.dk\/skribent\/henrik-hoejer\/\">Henrik H\u00f8jer<\/a><\/h3>\n\n\n\n<p>Redakt\u00f8r Emeritus<\/p>\n\n\n\n<div style=\"height:24px\" aria-hidden=\"true\" class=\"wp-block-spacer\"><\/div>\n\n\n\n<p>Kontakt: <a href=\"mailto:henrik@16-9.dk\">henrik@16-9.dk<\/a><\/p>\n\n\n\n<p><a href=\"http:\/\/www.16-9.dk\/skribent\/henrik-hoejer\/\">L\u00e6s mere om Henrik<\/a><\/p>\n<\/div>\n<\/div>\n\n\n\n<hr class=\"wp-block-separator has-text-color has-alpha-channel-opacity has-background is-style-wide\" style=\"background-color:#d4d9de;color:#d4d9de\"\/>\n\n\n\n<div style=\"height:30px\" aria-hidden=\"true\" class=\"wp-block-spacer\"><\/div>\n","protected":false},"excerpt":{"rendered":"<p>Redaktionen p\u00e5&nbsp;16:9&nbsp;best\u00e5r aktuelt af ti faste medlemmer. Herudover har vi en r\u00e6kke eksterne&nbsp;skribenter&nbsp;tilknyttet. Klik p\u00e5 det enkelte redaktionsmedlem for at l\u00e6se mere. Mathias Bonde Korsgaard Ansvarshavende chefredakt\u00f8r og skribent Kontakt: [&hellip;]<\/p>\n","protected":false},"author":17,"featured_media":0,"parent":0,"menu_order":0,"comment_status":"closed","ping_status":"closed","template":"","meta":{"footnotes":""},"_links":{"self":[{"href":"http:\/\/www.16-9.dk\/3\/wp-json\/wp\/v2\/pages\/313"}],"collection":[{"href":"http:\/\/www.16-9.dk\/3\/wp-json\/wp\/v2\/pages"}],"about":[{"href":"http:\/\/www.16-9.dk\/3\/wp-json\/wp\/v2\/types\/page"}],"author":[{"embeddable":true,"href":"http:\/\/www.16-9.dk\/3\/wp-json\/wp\/v2\/users\/17"}],"replies":[{"embeddable":true,"href":"http:\/\/www.16-9.dk\/3\/wp-json\/wp\/v2\/comments?post=313"}],"version-history":[{"count":6,"href":"http:\/\/www.16-9.dk\/3\/wp-json\/wp\/v2\/pages\/313\/revisions"}],"predecessor-version":[{"id":13145,"href":"http:\/\/www.16-9.dk\/3\/wp-json\/wp\/v2\/pages\/313\/revisions\/13145"}],"wp:attachment":[{"href":"http:\/\/www.16-9.dk\/3\/wp-json\/wp\/v2\/media?parent=313"}],"curies":[{"name":"wp","href":"https:\/\/api.w.org\/{rel}","templated":true}]}}