{"id":302,"date":"2014-01-01T13:00:53","date_gmt":"2014-01-01T13:00:53","guid":{"rendered":"http:\/\/www.16-9.dk\/3\/?page_id=302"},"modified":"2020-05-27T12:31:15","modified_gmt":"2020-05-27T10:31:15","slug":"aarhusprisen-2004","status":"publish","type":"page","link":"http:\/\/www.16-9.dk\/3\/aarhusprisen-2004\/","title":{"rendered":"Aarhusprisen 2004"},"content":{"rendered":"\n<p>L\u00f8rdag d. 31. januar vandt&nbsp;<em>16:9<\/em>&nbsp;AARHUSPRISEN 2004 i kategorien \u00c5rets Film foran blandt andre \u00c5ge Rais&#8217; film&nbsp;<em>To ryk og en aflevering<\/em>. Herfra skal lyde en stor tak til juryen, og en mindst lige s\u00e5 stor tak til alle jer der stemte p\u00e5 os via SMS.<\/p>\n\n\n\n<h3 class=\"wp-block-heading\">Nomineringen<\/h3>\n\n\n\n<p>Her f\u00f8lger juryens begrundelse for nomineringen af&nbsp;<em>16:9<\/em>:<\/p>\n\n\n\n<blockquote class=\"wp-block-quote is-style-default td_quote_box td_box_center is-layout-flow wp-block-quote-is-layout-flow\"><p>En flok unge \u00e5rhusianere lavede i 2003 et akademisk tidsskrift om film. Et fors\u00f8g p\u00e5 at rive den dybere granskning ud af h\u00e6nderne p\u00e5 de litter\u00e6re og behandle alle filmens vikemidler og forhold. Meget ambiti\u00f8st. Det er et initiativ som ikke er taget f\u00f8r i Danmark, og det er st\u00e6rkt g\u00e5et. Tidsskriftet oser af lidenskab og ih\u00e6rdighed, og det er v\u00e6sentligt at nogle s\u00e6tter sig for at tage film-mediet alvorligt p\u00e5 denne m\u00e5de. Desv\u00e6rre kan 16:9 ikke dumpe ind ad brevspr\u00e6kken, for det findes kun p\u00e5 nettet til pengepungen r\u00e6kker til mere. Men se det p\u00e5 www.16-9.dk.<\/p><\/blockquote>\n\n\n\n<h3 class=\"wp-block-heading\">Om prisen<\/h3>\n\n\n\n<p>AARHUSPRISEN er en hyldest til de personer og initiativer, som har gjort det lidt sjovere at h\u00f8re musik, g\u00e5 i byen, p\u00e5 udstilling, shoppe og meget andet i \u00c5rhus. Prisoverr\u00e6kkelsen fandt sted ved et aften-arrangement p\u00e5 Train i \u00c5rhus l\u00f8rdag d. 31. januar 2004, hvor Casper Christensen var konferencier.<\/p>\n","protected":false},"excerpt":{"rendered":"<p>L\u00f8rdag d. 31. januar vandt&nbsp;16:9&nbsp;AARHUSPRISEN 2004 i kategorien \u00c5rets Film foran blandt andre \u00c5ge Rais&#8217; film&nbsp;To ryk og en aflevering. Herfra skal lyde en stor tak til juryen, og en [&hellip;]<\/p>\n","protected":false},"author":17,"featured_media":0,"parent":0,"menu_order":0,"comment_status":"closed","ping_status":"closed","template":"","meta":{"footnotes":""},"_links":{"self":[{"href":"http:\/\/www.16-9.dk\/3\/wp-json\/wp\/v2\/pages\/302"}],"collection":[{"href":"http:\/\/www.16-9.dk\/3\/wp-json\/wp\/v2\/pages"}],"about":[{"href":"http:\/\/www.16-9.dk\/3\/wp-json\/wp\/v2\/types\/page"}],"author":[{"embeddable":true,"href":"http:\/\/www.16-9.dk\/3\/wp-json\/wp\/v2\/users\/17"}],"replies":[{"embeddable":true,"href":"http:\/\/www.16-9.dk\/3\/wp-json\/wp\/v2\/comments?post=302"}],"version-history":[{"count":0,"href":"http:\/\/www.16-9.dk\/3\/wp-json\/wp\/v2\/pages\/302\/revisions"}],"wp:attachment":[{"href":"http:\/\/www.16-9.dk\/3\/wp-json\/wp\/v2\/media?parent=302"}],"curies":[{"name":"wp","href":"https:\/\/api.w.org\/{rel}","templated":true}]}}