{"id":300,"date":"2014-01-01T13:00:36","date_gmt":"2014-01-01T13:00:36","guid":{"rendered":"http:\/\/www.16-9.dk\/3\/?page_id=300"},"modified":"2014-04-27T19:35:26","modified_gmt":"2014-04-27T19:35:26","slug":"historie","status":"publish","type":"page","link":"http:\/\/www.16-9.dk\/3\/historie\/","title":{"rendered":"Historie"},"content":{"rendered":"<h3>2003<\/h3>\n<p>10. januar: Et nyt tidsskrift er skabt. Vi m\u00f8des til det f\u00f8rste redaktionsm\u00f8de.<\/p>\n<p>16. april: Vi g\u00e5r online med det\u00a0<a href=\"http:\/\/www.16-9.dk\/2003-04\/index.htm\">allerf\u00f8rste nummer af filmtidsskriftet\u00a0<em>16:9<\/em><\/a>. Vi byder alle vores l\u00e6sere velkommen til dette og fremtidige numre. Husk at sprede rygtet om vores eksistens til alle interesserede!<\/p>\n<p><strong><\/strong>16. juni: Det f\u00f8rste nummer af\u00a0<em>16:9<\/em>\u00a0er blevet l\u00e6st af mere end 2500 mennesker, som tilsammen har klikket mere end 185.000 gange p\u00e5 vores sider. Det er vi selvf\u00f8lgelig fantastisk glade for. Vi takker for tilliden og de mange p\u00e6ne ord, vi har f\u00e5et med p\u00e5 vejen.<\/p>\n<p>16. september:\u00a0Tirsdag d. 16. september 2003 udkommer\u00a0<em>16:9<\/em>\u00a0for tredje gang. Datoen er helt speciel; dels har den navnef\u00e6llesskab med vores tidsskrift, og dels har vi valgt den til vores officielle lancering i medierne og ved en\u00a0reception i biografen \u00d8st for Paradis\u00a0i \u00c5rhus.<\/p>\n<p>22. december:\u00a0<em>16:9<\/em>\u00a0modtager for f\u00f8rste gang st\u00f8tte fra Kulturministeriets Tidsskriftsst\u00f8tteudvalg og har modtaget et \u00e5rligt bidrag siden.<\/p>\n<h3>2004<\/h3>\n<p><strong><\/strong>31. januar: L\u00f8rdag d. 31. januar 2004 vinder\u00a0<em>16:9<\/em>\u00a0AARHUSPRISEN i kategorien\u00a0<em>\u00c5rets Film<\/em>\u00a0foran blandt andre \u00c5ge Rais&#8217; film\u00a0<em>To ryk og en aflevering<\/em>. Tak til juryen og alle jer der stemte p\u00e5 os via SMS.\u00a0<a title=\"Aarhusprisen 2004\" href=\"http:\/\/www.16-9.dk\/3\/aarhusprisen-2004\/\">L\u00e6s mere om begivenheden.<\/a><\/p>\n<p>28. maj:\u00a0<em>16:9<\/em>\u00a0bliver for f\u00f8rste gang bevilliget \u00f8konomisk st\u00f8tte fra Det Danske Filminstitut. Siden da har vi modtaget en \u00e5rlig st\u00f8tte fra instituttet, som er afg\u00f8rende for\u00a0<em>16:9<\/em>s eksistens.<\/p>\n<h3>2006<\/h3>\n<p><span style=\"line-height: 1.5em;\">21. september: Den f\u00f8rste tv-udgave af\u00a0<\/span><em style=\"line-height: 1.5em;\">Filmmagasinet 16:9<\/em><span style=\"line-height: 1.5em;\">\u00a0triller over sk\u00e6rmen p\u00e5 DK4. Redaktionen bag\u00a0<\/span><em style=\"line-height: 1.5em;\">16:9<\/em><span style=\"line-height: 1.5em;\">\u00a0st\u00e5r bag programmet, der optages i DK4s studier i Aarhus.<\/span><\/p>\n<p><span style=\"line-height: 1.5em;\">25. september:<\/span><em style=\"line-height: 1.5em;\"> 16:9<\/em><span style=\"line-height: 1.5em;\">\u00a0kommer p\u00e5 forsiden af avisen\u00a0<\/span><em style=\"line-height: 1.5em;\">JP Aarhus<\/em><span style=\"line-height: 1.5em;\">\u00a0i anledning af den nye tv-udgave af\u00a0<\/span><em style=\"line-height: 1.5em;\">16:9<\/em><span style=\"line-height: 1.5em;\">. Inde i avisen interviewes v\u00e6rt og redaktionsmedlem Steffen Moestrup af journalist Hanne Arnold.<\/span><\/p>\n<h3>2010<\/h3>\n<p>Den 19. maj opretter <i>16:9<\/i> en profil p\u00e5 hhv. Facebook og Twitter.<\/p>\n<h3><span style=\"line-height: 1.5em;\">2011<\/span><\/h3>\n<p>I november 2011 udgiver <i>16:9 <\/i>antologien <i>Fjernsyn for viderekomne &#8211; De nye amerikanske tv-serier<\/i> (Turbine, red. Jakob Isak Nielsen, Henrik H\u00f8jer og Andreas Halskov). Denne bog bliver omtalt i diverse danske tv-programmer og dagblade, og den f\u00e5r positive anmeldelser i en lang r\u00e6kke af danske dagblade og tidsskrifter, bl.a. Information, Politiken, Weekendavisen og Gymnasieskolen. Bogen bliver samtidig den f\u00f8rste udgivelse i bogserien <i>16:9 B\u00f8ger<\/i>.<\/p>\n<p>I forbindelse med <i>Fjernsyn for viderekomne<\/i> inviteres redaktionsmedlem Andreas Halskov i <i>Kulturen p\u00e5 News<\/i>, og efterf\u00f8lgende inviteres han i december 2011 i <i>Go\u2019morgen Danmark <\/i>for at tale om julens film. Herefter har han fungeret som fast filmekspert i <i>Go\u2019film<\/i>-indslaget, som er del af weekendens <i>Go\u2019morgen Danmark<\/i>-flade.<\/p>\n<h3>2012<\/h3>\n<p>Fra 2012 begynder <i>16:9<\/i>-redaktionen i samarbejde med Folkeuniversitetet at lave forel\u00e6sningsr\u00e6kker i hhv. Aarhus og K\u00f8benhavn. I l\u00f8bet af 2012, 2013 og 2014 bliver det bl.a. til forel\u00e6sningsr\u00e6kker om amerikanske tv-serier og store instrukt\u00f8rer. I samme periode begynder <i>16:9<\/i> ogs\u00e5 at lave forel\u00e6sningsr\u00e6kker i samarbejde med Hovedbiblioteket.<\/p>\n<p>I l\u00f8bet af 2012 og starten af 2013 begynder <i>16:9 <\/i>at indlede et samarbejde med <i>Filmnoter<\/i>, og tidsskriftets redaktion bliver n\u00e6vnt og brugt i flere medier (bl.a. DR1, DR2, P1, P3, P4 \u00d8stjylland, Radio 24\/7,Tv2, Tv2 News<i> <\/i>samt diverse dagblade).<\/p>\n<h3><span style=\"line-height: 1.5em;\">2013<\/span><\/h3>\n<p>I november udgiver <i>16:9<\/i> den anden bog i serien <i>16:9 B\u00f8ger<\/i>: <i>Guldfeber &#8211; p\u00e5 sporet af Oscarfilmen<\/i> (Turbine, red. Andreas Halskov, Thomas Schwartz Larsen og Henrik H\u00f8jer). Bogen anmeldes i Jyllands-Posten, og omtales i diverse andre medier (bl.a. Alt for damerne, Information, P1, P3 og Tv2).<\/p>\n<h3><span style=\"line-height: 1.5em;\">2014<\/span><\/h3>\n<p>I forl\u00e6ngelse af Oscarbogen <i>Guldfeber<\/i> inviteres redaktionsmedlem Andreas Halskov i <i>Kulturen p\u00e5 News<\/i> i forbindelse med nomineringen og uddelingen af \u00e5rets Oscars. Bogens redakt\u00f8rer og skribenter anvendes flittigt i diverse medier i forbindelse med Oscaruddelingen i marts 2014.<\/p>\n<p>I april 2014 underg\u00e5r <i>16:9<\/i> en r\u00e6kke omstruktureringer, og i denne forbindelse tilf\u00f8jes videoessayet som en ny fast artikeltype.<\/p>\n","protected":false},"excerpt":{"rendered":"<p>2003 10. januar: Et nyt tidsskrift er skabt. Vi m\u00f8des til det f\u00f8rste redaktionsm\u00f8de. 16. april: Vi g\u00e5r online med det\u00a0allerf\u00f8rste nummer af filmtidsskriftet\u00a016:9. Vi byder alle vores l\u00e6sere velkommen [&hellip;]<\/p>\n","protected":false},"author":17,"featured_media":0,"parent":0,"menu_order":0,"comment_status":"closed","ping_status":"closed","template":"","meta":{"footnotes":""},"_links":{"self":[{"href":"http:\/\/www.16-9.dk\/3\/wp-json\/wp\/v2\/pages\/300"}],"collection":[{"href":"http:\/\/www.16-9.dk\/3\/wp-json\/wp\/v2\/pages"}],"about":[{"href":"http:\/\/www.16-9.dk\/3\/wp-json\/wp\/v2\/types\/page"}],"author":[{"embeddable":true,"href":"http:\/\/www.16-9.dk\/3\/wp-json\/wp\/v2\/users\/17"}],"replies":[{"embeddable":true,"href":"http:\/\/www.16-9.dk\/3\/wp-json\/wp\/v2\/comments?post=300"}],"version-history":[{"count":0,"href":"http:\/\/www.16-9.dk\/3\/wp-json\/wp\/v2\/pages\/300\/revisions"}],"wp:attachment":[{"href":"http:\/\/www.16-9.dk\/3\/wp-json\/wp\/v2\/media?parent=300"}],"curies":[{"name":"wp","href":"https:\/\/api.w.org\/{rel}","templated":true}]}}