{"id":291,"date":"2014-01-01T13:00:36","date_gmt":"2014-01-01T13:00:36","guid":{"rendered":"http:\/\/www.16-9.dk\/3\/?page_id=291"},"modified":"2020-03-07T21:28:08","modified_gmt":"2020-03-07T19:28:08","slug":"fagfaellevurdering-peer-review","status":"publish","type":"page","link":"http:\/\/www.16-9.dk\/3\/fagfaellevurdering-peer-review\/","title":{"rendered":"Fagf\u00e6llevurdering (peer review)"},"content":{"rendered":"\n<ul><li>&nbsp;<a title=\"16:9 in English\" href=\"http:\/\/www.16-9.dk\/in-english\/\">See english version of this page<\/a><\/li><\/ul>\n\n\n\n<p>16:9\u2019s fagf\u00e6llevurdering knyttes til bidrag\nindenfor kategorierne \u201cFeatureartikler\u201d, \u201cEn scenes anatomi\u201d og \u201cIn English\u201d,\nsamt \u201dvideoessays\u201d. Vi fagf\u00e6llevurderer ikke anmeldelser. Retningslinjerne\nnedenfor g\u00e6lder alle skrevne bidrag, mens der er s\u00e6rskilte retningslinjer for\npeer review af videoessays.<\/p>\n\n\n\n<p>Fagf\u00e6llevurderingen gives i form af en\nkaraktergivning fra A til D p\u00e5 f\u00f8lgende m\u00e5de:<\/p>\n\n\n\n<ul><li>A. Public\u00e9rbar<\/li><li>B. Public\u00e9rbar med sm\u00e5 \u00e6ndringer<\/li><li>C. Public\u00e9rbar med omfattende \u00e6ndringer<\/li><li>D. Ikke public\u00e9rbar<\/li><\/ul>\n\n\n\n<p>Der gives en kort begrundelse for\nkarakteren (vejledende omfang 1-2 A4-sider), som markerer alle \u00e6ndringsforslag.\nDer fokuseres p\u00e5 f\u00f8lgende sp\u00f8rgsm\u00e5l:<\/p>\n\n\n\n<ol><li>Er emnet eller erkendelsesinteressen klart formuleret?<\/li><li>Stiller den relevante sp\u00f8rgsm\u00e5l?<\/li><li>Er sproget formidlingsvenligt?<\/li><li>Bringer artiklen ny information for dagen?<\/li><li>Er artiklen metodisk og\/eller teoretisk interessant?<\/li><li>Er argumentationen klar og pr\u00e6cis?<\/li><li>Er overskrifterne gode og f\u00e6ngende?<\/li><li>Hvordan kan artiklen (f.eks. struktur, l\u00e6sevenlighed,\ntemaer, kilder) forbedres?<\/li><li>Andet<\/li><\/ol>\n\n\n\n<h2 class=\"wp-block-heading\">Retningslinjer for videoessays<\/h2>\n\n\n\n<p>Videoessays skal\nledsages af en kort rammes\u00e6ttende tekst p\u00e5 mellem 4.000-6.000 tegn. Denne tekst\nskal klarl\u00e6gge erkendelsesinteressen, og kan desuden benyttes til at situere\nessayet i forhold til eksisterende forskning og\/eller til at beskrive og\nreflektere over arbejdsprocessen og hvordan det audiovisuelle format bidrager\ntil unders\u00f8gelsen. Vi opfordrer dog til at selve videoessayet ogs\u00e5 skal kunne\nfungere p\u00e5 egen h\u00e5nd.<\/p>\n\n\n\n<p>Fagf\u00e6llevurderingen gives i form af en\nkaraktergivning fra A til D p\u00e5 f\u00f8lgende m\u00e5de:<\/p>\n\n\n\n<ul><li>A. Public\u00e9rbar<\/li><li>B. Public\u00e9rbar med sm\u00e5 \u00e6ndringer<\/li><li>C. Public\u00e9rbar med omfattende \u00e6ndringer<\/li><li>D. Ikke public\u00e9rbar<\/li><\/ul>\n\n\n\n<p>Der gives en kort begrundelse for\nkarakteren (vejledende omfang 1-2 A4-sider), som markerer alle \u00e6ndringsforslag.\nDer fokuseres p\u00e5 f\u00f8lgende sp\u00f8rgsm\u00e5l:<\/p>\n\n\n\n<ol><li>Er emnet eller erkendelsesinteressen klart formuleret?<\/li><li>Stiller essayet relevante sp\u00f8rgsm\u00e5l?<\/li><li>Er essayet formidlingsvenligt?<\/li><li>Bringer essayet ny information for dagen?<\/li><li>Hvordan kan essayet forbedres?<\/li><li>Andet<\/li><\/ol>\n","protected":false},"excerpt":{"rendered":"<p>&nbsp;See english version of this page 16:9\u2019s fagf\u00e6llevurdering knyttes til bidrag indenfor kategorierne \u201cFeatureartikler\u201d, \u201cEn scenes anatomi\u201d og \u201cIn English\u201d, samt \u201dvideoessays\u201d. Vi fagf\u00e6llevurderer ikke anmeldelser. Retningslinjerne nedenfor g\u00e6lder alle [&hellip;]<\/p>\n","protected":false},"author":17,"featured_media":0,"parent":0,"menu_order":0,"comment_status":"closed","ping_status":"closed","template":"","meta":{"footnotes":""},"_links":{"self":[{"href":"http:\/\/www.16-9.dk\/3\/wp-json\/wp\/v2\/pages\/291"}],"collection":[{"href":"http:\/\/www.16-9.dk\/3\/wp-json\/wp\/v2\/pages"}],"about":[{"href":"http:\/\/www.16-9.dk\/3\/wp-json\/wp\/v2\/types\/page"}],"author":[{"embeddable":true,"href":"http:\/\/www.16-9.dk\/3\/wp-json\/wp\/v2\/users\/17"}],"replies":[{"embeddable":true,"href":"http:\/\/www.16-9.dk\/3\/wp-json\/wp\/v2\/comments?post=291"}],"version-history":[{"count":0,"href":"http:\/\/www.16-9.dk\/3\/wp-json\/wp\/v2\/pages\/291\/revisions"}],"wp:attachment":[{"href":"http:\/\/www.16-9.dk\/3\/wp-json\/wp\/v2\/media?parent=291"}],"curies":[{"name":"wp","href":"https:\/\/api.w.org\/{rel}","templated":true}]}}